{"id":24,"date":"2022-08-12T15:09:38","date_gmt":"2022-08-12T15:09:38","guid":{"rendered":"https:\/\/sinergia113.com\/?page_id=24"},"modified":"2024-04-25T14:52:56","modified_gmt":"2024-04-25T19:52:56","slug":"productora-audiovisual","status":"publish","type":"page","link":"https:\/\/sinergia113.com\/index.php\/productora-audiovisual\/","title":{"rendered":"Estrategia de Marketing"},"content":{"rendered":"\t\t<div data-elementor-type=\"wp-page\" data-elementor-id=\"24\" class=\"elementor elementor-24\">\n\t\t\t\t\t\t<section class=\"elementor-section elementor-top-section elementor-element elementor-element-92dbbf1 elementor-section-full_width elementor-section-stretched elementor-section-height-default elementor-section-height-default\" data-id=\"92dbbf1\" data-element_type=\"section\" data-settings=\"{&quot;stretch_section&quot;:&quot;section-stretched&quot;,&quot;background_background&quot;:&quot;classic&quot;}\">\n\t\t\t\t\t\t<div class=\"elementor-container elementor-column-gap-default\">\n\t\t\t\t\t<div class=\"elementor-column elementor-col-50 elementor-top-column elementor-element elementor-element-26e251f\" data-id=\"26e251f\" data-element_type=\"column\">\n\t\t\t<div class=\"elementor-widget-wrap elementor-element-populated\">\n\t\t\t\t\t\t<div class=\"elementor-element elementor-element-23a1a3c elementor-widget elementor-widget-image\" data-id=\"23a1a3c\" data-element_type=\"widget\" data-widget_type=\"image.default\">\n\t\t\t\t<div class=\"elementor-widget-container\">\n\t\t\t<style>\/*! elementor - v3.21.0 - 18-04-2024 *\/\n.elementor-widget-image{text-align:center}.elementor-widget-image a{display:inline-block}.elementor-widget-image a img[src$=\".svg\"]{width:48px}.elementor-widget-image img{vertical-align:middle;display:inline-block}<\/style>\t\t\t\t\t\t\t\t\t\t<img fetchpriority=\"high\" width=\"300\" height=\"300\" src=\"https:\/\/sinergia113.com\/wp-content\/uploads\/2023\/05\/Log_Blanco-300x300.png\" class=\"elementor-animation-grow attachment-medium size-medium wp-image-181\" alt=\"\" srcset=\"https:\/\/sinergia113.com\/wp-content\/uploads\/2023\/05\/Log_Blanco-300x300.png 300w, https:\/\/sinergia113.com\/wp-content\/uploads\/2023\/05\/Log_Blanco-1024x1024.png 1024w, https:\/\/sinergia113.com\/wp-content\/uploads\/2023\/05\/Log_Blanco-150x150.png 150w, https:\/\/sinergia113.com\/wp-content\/uploads\/2023\/05\/Log_Blanco-768x768.png 768w, https:\/\/sinergia113.com\/wp-content\/uploads\/2023\/05\/Log_Blanco-1536x1536.png 1536w, https:\/\/sinergia113.com\/wp-content\/uploads\/2023\/05\/Log_Blanco-600x600.png 600w, https:\/\/sinergia113.com\/wp-content\/uploads\/2023\/05\/Log_Blanco.png 1920w\" sizes=\"(max-width: 300px) 100vw, 300px\" \/>\t\t\t\t\t\t\t\t\t\t\t\t\t<\/div>\n\t\t\t\t<\/div>\n\t\t\t\t<div class=\"elementor-element elementor-element-253215b elementor-widget elementor-widget-heading\" data-id=\"253215b\" data-element_type=\"widget\" data-widget_type=\"heading.default\">\n\t\t\t\t<div class=\"elementor-widget-container\">\n\t\t\t<style>\/*! elementor - v3.21.0 - 18-04-2024 *\/\n.elementor-heading-title{padding:0;margin:0;line-height:1}.elementor-widget-heading .elementor-heading-title[class*=elementor-size-]>a{color:inherit;font-size:inherit;line-height:inherit}.elementor-widget-heading .elementor-heading-title.elementor-size-small{font-size:15px}.elementor-widget-heading .elementor-heading-title.elementor-size-medium{font-size:19px}.elementor-widget-heading .elementor-heading-title.elementor-size-large{font-size:29px}.elementor-widget-heading .elementor-heading-title.elementor-size-xl{font-size:39px}.elementor-widget-heading .elementor-heading-title.elementor-size-xxl{font-size:59px}<\/style><h2 class=\"elementor-heading-title elementor-size-xl\">ESTRATEGIA DE MARKETING<\/h2>\t\t<\/div>\n\t\t\t\t<\/div>\n\t\t\t\t<div class=\"elementor-element elementor-element-0fc116f elementor-widget elementor-widget-heading\" data-id=\"0fc116f\" data-element_type=\"widget\" data-widget_type=\"heading.default\">\n\t\t\t\t<div class=\"elementor-widget-container\">\n\t\t\t<h3 class=\"elementor-heading-title elementor-size-small\"><span style=\"font-family: Roboto, sans-serif; font-size: 23px; font-style: normal; font-variant-ligatures: normal; font-variant-caps: normal; font-weight: 400; letter-spacing: -0.3px; background-color: transparent;\">Analizamos la historia que quieres contar y a quien la quieres contar para crear la mejor estrategia que te lleve a tu objetivo. <\/span><\/h3>\t\t<\/div>\n\t\t\t\t<\/div>\n\t\t\t\t\t<\/div>\n\t\t<\/div>\n\t\t\t\t<div class=\"elementor-column elementor-col-50 elementor-top-column elementor-element elementor-element-861f6df\" data-id=\"861f6df\" data-element_type=\"column\">\n\t\t\t<div class=\"elementor-widget-wrap elementor-element-populated\">\n\t\t\t\t\t\t<div class=\"elementor-element elementor-element-f08f293 elementor-widget elementor-widget-image\" data-id=\"f08f293\" data-element_type=\"widget\" data-widget_type=\"image.default\">\n\t\t\t\t<div class=\"elementor-widget-container\">\n\t\t\t\t\t\t\t\t\t\t\t\t\t<img width=\"1024\" height=\"683\" src=\"https:\/\/sinergia113.com\/wp-content\/uploads\/2024\/04\/ReunionSinergia-1024x683.png\" class=\"attachment-large size-large wp-image-288\" alt=\"\" srcset=\"https:\/\/sinergia113.com\/wp-content\/uploads\/2024\/04\/ReunionSinergia-1024x683.png 1024w, https:\/\/sinergia113.com\/wp-content\/uploads\/2024\/04\/ReunionSinergia-300x200.png 300w, https:\/\/sinergia113.com\/wp-content\/uploads\/2024\/04\/ReunionSinergia-768x512.png 768w, https:\/\/sinergia113.com\/wp-content\/uploads\/2024\/04\/ReunionSinergia-1536x1024.png 1536w, https:\/\/sinergia113.com\/wp-content\/uploads\/2024\/04\/ReunionSinergia-2048x1366.png 2048w\" sizes=\"(max-width: 1024px) 100vw, 1024px\" \/>\t\t\t\t\t\t\t\t\t\t\t\t\t<\/div>\n\t\t\t\t<\/div>\n\t\t\t\t\t<\/div>\n\t\t<\/div>\n\t\t\t\t\t<\/div>\n\t\t<\/section>\n\t\t\t\t<section class=\"elementor-section elementor-top-section elementor-element elementor-element-a598278 elementor-section-boxed elementor-section-height-default elementor-section-height-default\" data-id=\"a598278\" data-element_type=\"section\">\n\t\t\t\t\t\t<div class=\"elementor-container elementor-column-gap-default\">\n\t\t\t\t\t<div class=\"elementor-column elementor-col-50 elementor-top-column elementor-element elementor-element-0c51981\" data-id=\"0c51981\" data-element_type=\"column\">\n\t\t\t<div class=\"elementor-widget-wrap elementor-element-populated\">\n\t\t\t\t\t\t<div class=\"elementor-element elementor-element-36d6cb1 elementor-widget elementor-widget-spacer\" data-id=\"36d6cb1\" data-element_type=\"widget\" data-widget_type=\"spacer.default\">\n\t\t\t\t<div class=\"elementor-widget-container\">\n\t\t\t<style>\/*! elementor - v3.21.0 - 18-04-2024 *\/\n.elementor-column .elementor-spacer-inner{height:var(--spacer-size)}.e-con{--container-widget-width:100%}.e-con-inner>.elementor-widget-spacer,.e-con>.elementor-widget-spacer{width:var(--container-widget-width,var(--spacer-size));--align-self:var(--container-widget-align-self,initial);--flex-shrink:0}.e-con-inner>.elementor-widget-spacer>.elementor-widget-container,.e-con>.elementor-widget-spacer>.elementor-widget-container{height:100%;width:100%}.e-con-inner>.elementor-widget-spacer>.elementor-widget-container>.elementor-spacer,.e-con>.elementor-widget-spacer>.elementor-widget-container>.elementor-spacer{height:100%}.e-con-inner>.elementor-widget-spacer>.elementor-widget-container>.elementor-spacer>.elementor-spacer-inner,.e-con>.elementor-widget-spacer>.elementor-widget-container>.elementor-spacer>.elementor-spacer-inner{height:var(--container-widget-height,var(--spacer-size))}.e-con-inner>.elementor-widget-spacer.elementor-widget-empty,.e-con>.elementor-widget-spacer.elementor-widget-empty{position:relative;min-height:22px;min-width:22px}.e-con-inner>.elementor-widget-spacer.elementor-widget-empty .elementor-widget-empty-icon,.e-con>.elementor-widget-spacer.elementor-widget-empty .elementor-widget-empty-icon{position:absolute;top:0;bottom:0;left:0;right:0;margin:auto;padding:0;width:22px;height:22px}<\/style>\t\t<div class=\"elementor-spacer\">\n\t\t\t<div class=\"elementor-spacer-inner\"><\/div>\n\t\t<\/div>\n\t\t\t\t<\/div>\n\t\t\t\t<\/div>\n\t\t\t\t<div class=\"elementor-element elementor-element-1d34fb2 elementor-widget elementor-widget-video\" data-id=\"1d34fb2\" data-element_type=\"widget\" data-settings=\"{&quot;youtube_url&quot;:&quot;https:\\\/\\\/youtu.be\\\/XlVIjWLzgpo&quot;,&quot;video_type&quot;:&quot;youtube&quot;,&quot;controls&quot;:&quot;yes&quot;}\" data-widget_type=\"video.default\">\n\t\t\t\t<div class=\"elementor-widget-container\">\n\t\t\t<style>\/*! elementor - v3.21.0 - 18-04-2024 *\/\n.elementor-widget-video .elementor-widget-container{overflow:hidden;transform:translateZ(0)}.elementor-widget-video .elementor-wrapper{aspect-ratio:var(--video-aspect-ratio)}.elementor-widget-video .elementor-wrapper iframe,.elementor-widget-video .elementor-wrapper video{height:100%;width:100%;display:flex;border:none;background-color:#000}@supports not (aspect-ratio:1\/1){.elementor-widget-video .elementor-wrapper{position:relative;overflow:hidden;height:0;padding-bottom:calc(100% \/ var(--video-aspect-ratio))}.elementor-widget-video .elementor-wrapper iframe,.elementor-widget-video .elementor-wrapper video{position:absolute;top:0;right:0;bottom:0;left:0}}.elementor-widget-video .elementor-open-inline .elementor-custom-embed-image-overlay{position:absolute;top:0;right:0;bottom:0;left:0;background-size:cover;background-position:50%}.elementor-widget-video .elementor-custom-embed-image-overlay{cursor:pointer;text-align:center}.elementor-widget-video .elementor-custom-embed-image-overlay:hover .elementor-custom-embed-play i{opacity:1}.elementor-widget-video .elementor-custom-embed-image-overlay img{display:block;width:100%;aspect-ratio:var(--video-aspect-ratio);-o-object-fit:cover;object-fit:cover;-o-object-position:center center;object-position:center center}@supports not (aspect-ratio:1\/1){.elementor-widget-video .elementor-custom-embed-image-overlay{position:relative;overflow:hidden;height:0;padding-bottom:calc(100% \/ var(--video-aspect-ratio))}.elementor-widget-video .elementor-custom-embed-image-overlay img{position:absolute;top:0;right:0;bottom:0;left:0}}.elementor-widget-video .e-hosted-video .elementor-video{-o-object-fit:cover;object-fit:cover}.e-con-inner>.elementor-widget-video,.e-con>.elementor-widget-video{width:var(--container-widget-width);--flex-grow:var(--container-widget-flex-grow)}<\/style>\t\t<div class=\"elementor-wrapper elementor-open-inline\">\n\t\t\t<div class=\"elementor-video\"><\/div>\t\t<\/div>\n\t\t\t\t<\/div>\n\t\t\t\t<\/div>\n\t\t\t\t\t<\/div>\n\t\t<\/div>\n\t\t\t\t<div class=\"elementor-column elementor-col-50 elementor-top-column elementor-element elementor-element-b59bf09\" data-id=\"b59bf09\" data-element_type=\"column\">\n\t\t\t<div class=\"elementor-widget-wrap elementor-element-populated\">\n\t\t\t\t\t\t<div class=\"elementor-element elementor-element-b8a4dcc elementor-widget elementor-widget-text-editor\" data-id=\"b8a4dcc\" data-element_type=\"widget\" data-widget_type=\"text-editor.default\">\n\t\t\t\t<div class=\"elementor-widget-container\">\n\t\t\t<style>\/*! elementor - v3.21.0 - 18-04-2024 *\/\n.elementor-widget-text-editor.elementor-drop-cap-view-stacked .elementor-drop-cap{background-color:#69727d;color:#fff}.elementor-widget-text-editor.elementor-drop-cap-view-framed .elementor-drop-cap{color:#69727d;border:3px solid;background-color:transparent}.elementor-widget-text-editor:not(.elementor-drop-cap-view-default) .elementor-drop-cap{margin-top:8px}.elementor-widget-text-editor:not(.elementor-drop-cap-view-default) .elementor-drop-cap-letter{width:1em;height:1em}.elementor-widget-text-editor .elementor-drop-cap{float:left;text-align:center;line-height:1;font-size:50px}.elementor-widget-text-editor .elementor-drop-cap-letter{display:inline-block}<\/style>\t\t\t\t<p>S113 promovemos el Marketing y Contenido Digital creando estrategias frescas e innovadoras que hacen brillar a nuestros clientes. Nos encanta trabajar mano a mano para entender sus metas y necesidades, y as\u00ed dise\u00f1ar campa\u00f1as personalizadas que realmente impacten.<\/p><p>Desde mejorar el SEO hasta gestionar tus redes sociales, ofrecemos soluciones completas que impulsar\u00e1n la presencia en l\u00ednea. Nuestro equipo, compuesto por apasionados del marketing digital y la creatividad, est\u00e1n listos para sumergirse en su proyecto y sacar lo mejor de \u00e9l.<\/p><p>Con nuestra mezcla \u00fanica de ingenio y an\u00e1lisis\u00a0 \u00a1\u00a1Plasmaremos sus ideas en piezas \u00fanicas.!!<\/p>\t\t\t\t\t\t<\/div>\n\t\t\t\t<\/div>\n\t\t\t\t\t<\/div>\n\t\t<\/div>\n\t\t\t\t\t<\/div>\n\t\t<\/section>\n\t\t\t\t<section class=\"elementor-section elementor-top-section elementor-element elementor-element-20f00ba elementor-section-boxed elementor-section-height-default elementor-section-height-default\" data-id=\"20f00ba\" data-element_type=\"section\">\n\t\t\t\t\t\t<div class=\"elementor-container elementor-column-gap-default\">\n\t\t\t\t\t<div class=\"elementor-column elementor-col-100 elementor-top-column elementor-element elementor-element-a23b6d6\" data-id=\"a23b6d6\" data-element_type=\"column\">\n\t\t\t<div class=\"elementor-widget-wrap elementor-element-populated\">\n\t\t\t\t\t\t<div class=\"elementor-element elementor-element-508d113 elementor-widget elementor-widget-image\" data-id=\"508d113\" data-element_type=\"widget\" data-widget_type=\"image.default\">\n\t\t\t\t<div class=\"elementor-widget-container\">\n\t\t\t\t\t\t\t\t\t\t\t\t\t<img width=\"150\" height=\"150\" src=\"https:\/\/sinergia113.com\/wp-content\/uploads\/2023\/05\/Log_Blanco-150x150.png\" class=\"attachment-thumbnail size-thumbnail wp-image-181\" alt=\"\" srcset=\"https:\/\/sinergia113.com\/wp-content\/uploads\/2023\/05\/Log_Blanco-150x150.png 150w, https:\/\/sinergia113.com\/wp-content\/uploads\/2023\/05\/Log_Blanco-300x300.png 300w, https:\/\/sinergia113.com\/wp-content\/uploads\/2023\/05\/Log_Blanco-1024x1024.png 1024w, https:\/\/sinergia113.com\/wp-content\/uploads\/2023\/05\/Log_Blanco-768x768.png 768w, https:\/\/sinergia113.com\/wp-content\/uploads\/2023\/05\/Log_Blanco-1536x1536.png 1536w, https:\/\/sinergia113.com\/wp-content\/uploads\/2023\/05\/Log_Blanco-600x600.png 600w, https:\/\/sinergia113.com\/wp-content\/uploads\/2023\/05\/Log_Blanco.png 1920w\" sizes=\"(max-width: 150px) 100vw, 150px\" \/>\t\t\t\t\t\t\t\t\t\t\t\t\t<\/div>\n\t\t\t\t<\/div>\n\t\t\t\t<div class=\"elementor-element elementor-element-0fca42a elementor-widget elementor-widget-text-editor\" data-id=\"0fca42a\" data-element_type=\"widget\" data-widget_type=\"text-editor.default\">\n\t\t\t\t<div class=\"elementor-widget-container\">\n\t\t\t\t\t\t\t<p>HABLEMOS 311-5081125<\/p>\t\t\t\t\t\t<\/div>\n\t\t\t\t<\/div>\n\t\t\t\t\t<\/div>\n\t\t<\/div>\n\t\t\t\t\t<\/div>\n\t\t<\/section>\n\t\t\t\t<\/div>\n\t\t","protected":false},"excerpt":{"rendered":"<p>ESTRATEGIA DE MARKETING Analizamos la historia que quieres contar y a quien la quieres contar para crear la mejor estrategia que te lleve a tu objetivo. https:\/\/youtu.be\/XlVIjWLzgpo S113 promovemos el Marketing y Contenido Digital creando estrategias frescas e innovadoras que hacen brillar a nuestros clientes. Nos encanta trabajar mano a mano para entender sus metas [&hellip;]<\/p>\n","protected":false},"author":1,"featured_media":0,"parent":0,"menu_order":0,"comment_status":"closed","ping_status":"closed","template":"","meta":[],"yoast_head":"<!-- This site is optimized with the Yoast SEO plugin v19.14 - https:\/\/yoast.com\/wordpress\/plugins\/seo\/ -->\n<title>Estrategia de Marketing - S113<\/title>\n<meta name=\"robots\" content=\"index, follow, max-snippet:-1, max-image-preview:large, max-video-preview:-1\" \/>\n<link rel=\"canonical\" href=\"https:\/\/sinergia113.com\/index.php\/productora-audiovisual\/\" \/>\n<meta property=\"og:locale\" content=\"en_US\" \/>\n<meta property=\"og:type\" content=\"article\" \/>\n<meta property=\"og:title\" content=\"Estrategia de Marketing - S113\" \/>\n<meta property=\"og:description\" content=\"ESTRATEGIA DE MARKETING Analizamos la historia que quieres contar y a quien la quieres contar para crear la mejor estrategia que te lleve a tu objetivo. https:\/\/youtu.be\/XlVIjWLzgpo S113 promovemos el Marketing y Contenido Digital creando estrategias frescas e innovadoras que hacen brillar a nuestros clientes. Nos encanta trabajar mano a mano para entender sus metas [&hellip;]\" \/>\n<meta property=\"og:url\" content=\"https:\/\/sinergia113.com\/index.php\/productora-audiovisual\/\" \/>\n<meta property=\"og:site_name\" content=\"S113\" \/>\n<meta property=\"article:modified_time\" content=\"2024-04-25T19:52:56+00:00\" \/>\n<meta property=\"og:image\" content=\"http:\/\/sinergia113.com\/wp-content\/uploads\/2023\/05\/Log_Blanco-300x300.png\" \/>\n<meta name=\"twitter:card\" content=\"summary_large_image\" \/>\n<meta name=\"twitter:label1\" content=\"Est. reading time\" \/>\n\t<meta name=\"twitter:data1\" content=\"2 minutes\" \/>\n<script type=\"application\/ld+json\" class=\"yoast-schema-graph\">{\"@context\":\"https:\/\/schema.org\",\"@graph\":[{\"@type\":\"WebPage\",\"@id\":\"https:\/\/sinergia113.com\/index.php\/productora-audiovisual\/\",\"url\":\"https:\/\/sinergia113.com\/index.php\/productora-audiovisual\/\",\"name\":\"Estrategia de Marketing - S113\",\"isPartOf\":{\"@id\":\"https:\/\/sinergia113.com\/#website\"},\"datePublished\":\"2022-08-12T15:09:38+00:00\",\"dateModified\":\"2024-04-25T19:52:56+00:00\",\"breadcrumb\":{\"@id\":\"https:\/\/sinergia113.com\/index.php\/productora-audiovisual\/#breadcrumb\"},\"inLanguage\":\"en-US\",\"potentialAction\":[{\"@type\":\"ReadAction\",\"target\":[\"https:\/\/sinergia113.com\/index.php\/productora-audiovisual\/\"]}]},{\"@type\":\"BreadcrumbList\",\"@id\":\"https:\/\/sinergia113.com\/index.php\/productora-audiovisual\/#breadcrumb\",\"itemListElement\":[{\"@type\":\"ListItem\",\"position\":1,\"name\":\"Home\",\"item\":\"https:\/\/sinergia113.com\/\"},{\"@type\":\"ListItem\",\"position\":2,\"name\":\"Estrategia de Marketing\"}]},{\"@type\":\"WebSite\",\"@id\":\"https:\/\/sinergia113.com\/#website\",\"url\":\"https:\/\/sinergia113.com\/\",\"name\":\"S113\",\"description\":\"Sinergia 113 Estrategias de Comunicaci\u00f3n\",\"publisher\":{\"@id\":\"https:\/\/sinergia113.com\/#organization\"},\"potentialAction\":[{\"@type\":\"SearchAction\",\"target\":{\"@type\":\"EntryPoint\",\"urlTemplate\":\"https:\/\/sinergia113.com\/?s={search_term_string}\"},\"query-input\":\"required name=search_term_string\"}],\"inLanguage\":\"en-US\"},{\"@type\":\"Organization\",\"@id\":\"https:\/\/sinergia113.com\/#organization\",\"name\":\"S113\",\"url\":\"https:\/\/sinergia113.com\/\",\"logo\":{\"@type\":\"ImageObject\",\"inLanguage\":\"en-US\",\"@id\":\"https:\/\/sinergia113.com\/#\/schema\/logo\/image\/\",\"url\":\"https:\/\/sinergia113.com\/wp-content\/uploads\/2023\/05\/cropped-LogoSinergia_Sh_Blanco.png\",\"contentUrl\":\"https:\/\/sinergia113.com\/wp-content\/uploads\/2023\/05\/cropped-LogoSinergia_Sh_Blanco.png\",\"width\":1920,\"height\":528,\"caption\":\"S113\"},\"image\":{\"@id\":\"https:\/\/sinergia113.com\/#\/schema\/logo\/image\/\"}}]}<\/script>\n<!-- \/ Yoast SEO plugin. -->","yoast_head_json":{"title":"Estrategia de Marketing - S113","robots":{"index":"index","follow":"follow","max-snippet":"max-snippet:-1","max-image-preview":"max-image-preview:large","max-video-preview":"max-video-preview:-1"},"canonical":"https:\/\/sinergia113.com\/index.php\/productora-audiovisual\/","og_locale":"en_US","og_type":"article","og_title":"Estrategia de Marketing - S113","og_description":"ESTRATEGIA DE MARKETING Analizamos la historia que quieres contar y a quien la quieres contar para crear la mejor estrategia que te lleve a tu objetivo. https:\/\/youtu.be\/XlVIjWLzgpo S113 promovemos el Marketing y Contenido Digital creando estrategias frescas e innovadoras que hacen brillar a nuestros clientes. Nos encanta trabajar mano a mano para entender sus metas [&hellip;]","og_url":"https:\/\/sinergia113.com\/index.php\/productora-audiovisual\/","og_site_name":"S113","article_modified_time":"2024-04-25T19:52:56+00:00","og_image":[{"url":"http:\/\/sinergia113.com\/wp-content\/uploads\/2023\/05\/Log_Blanco-300x300.png"}],"twitter_card":"summary_large_image","twitter_misc":{"Est. reading time":"2 minutes"},"schema":{"@context":"https:\/\/schema.org","@graph":[{"@type":"WebPage","@id":"https:\/\/sinergia113.com\/index.php\/productora-audiovisual\/","url":"https:\/\/sinergia113.com\/index.php\/productora-audiovisual\/","name":"Estrategia de Marketing - S113","isPartOf":{"@id":"https:\/\/sinergia113.com\/#website"},"datePublished":"2022-08-12T15:09:38+00:00","dateModified":"2024-04-25T19:52:56+00:00","breadcrumb":{"@id":"https:\/\/sinergia113.com\/index.php\/productora-audiovisual\/#breadcrumb"},"inLanguage":"en-US","potentialAction":[{"@type":"ReadAction","target":["https:\/\/sinergia113.com\/index.php\/productora-audiovisual\/"]}]},{"@type":"BreadcrumbList","@id":"https:\/\/sinergia113.com\/index.php\/productora-audiovisual\/#breadcrumb","itemListElement":[{"@type":"ListItem","position":1,"name":"Home","item":"https:\/\/sinergia113.com\/"},{"@type":"ListItem","position":2,"name":"Estrategia de Marketing"}]},{"@type":"WebSite","@id":"https:\/\/sinergia113.com\/#website","url":"https:\/\/sinergia113.com\/","name":"S113","description":"Sinergia 113 Estrategias de Comunicaci\u00f3n","publisher":{"@id":"https:\/\/sinergia113.com\/#organization"},"potentialAction":[{"@type":"SearchAction","target":{"@type":"EntryPoint","urlTemplate":"https:\/\/sinergia113.com\/?s={search_term_string}"},"query-input":"required name=search_term_string"}],"inLanguage":"en-US"},{"@type":"Organization","@id":"https:\/\/sinergia113.com\/#organization","name":"S113","url":"https:\/\/sinergia113.com\/","logo":{"@type":"ImageObject","inLanguage":"en-US","@id":"https:\/\/sinergia113.com\/#\/schema\/logo\/image\/","url":"https:\/\/sinergia113.com\/wp-content\/uploads\/2023\/05\/cropped-LogoSinergia_Sh_Blanco.png","contentUrl":"https:\/\/sinergia113.com\/wp-content\/uploads\/2023\/05\/cropped-LogoSinergia_Sh_Blanco.png","width":1920,"height":528,"caption":"S113"},"image":{"@id":"https:\/\/sinergia113.com\/#\/schema\/logo\/image\/"}}]}},"_links":{"self":[{"href":"https:\/\/sinergia113.com\/index.php\/wp-json\/wp\/v2\/pages\/24"}],"collection":[{"href":"https:\/\/sinergia113.com\/index.php\/wp-json\/wp\/v2\/pages"}],"about":[{"href":"https:\/\/sinergia113.com\/index.php\/wp-json\/wp\/v2\/types\/page"}],"author":[{"embeddable":true,"href":"https:\/\/sinergia113.com\/index.php\/wp-json\/wp\/v2\/users\/1"}],"replies":[{"embeddable":true,"href":"https:\/\/sinergia113.com\/index.php\/wp-json\/wp\/v2\/comments?post=24"}],"version-history":[{"count":22,"href":"https:\/\/sinergia113.com\/index.php\/wp-json\/wp\/v2\/pages\/24\/revisions"}],"predecessor-version":[{"id":432,"href":"https:\/\/sinergia113.com\/index.php\/wp-json\/wp\/v2\/pages\/24\/revisions\/432"}],"wp:attachment":[{"href":"https:\/\/sinergia113.com\/index.php\/wp-json\/wp\/v2\/media?parent=24"}],"curies":[{"name":"wp","href":"https:\/\/api.w.org\/{rel}","templated":true}]}}